{"id":103,"date":"2021-12-30T13:56:02","date_gmt":"2021-12-30T13:56:02","guid":{"rendered":"http:\/\/aygazfenersoba.com\/?page_id=103"},"modified":"2021-12-30T13:56:02","modified_gmt":"2021-12-30T13:56:02","slug":"aygaz-palmiye-soba-satisi","status":"publish","type":"page","link":"http:\/\/aygazfenersoba.com\/index.php\/aygaz-palmiye-soba-satisi\/","title":{"rendered":"Aygaz Palmiye Soba Sat\u0131\u015f\u0131"},"content":{"rendered":"\n<h2 class=\"wp-block-heading\">Aygaz Palmiye Soba Sat\u0131\u015f\u0131<\/h2>\n\n\n\n<p>          Aygaz Palmiye soba sat\u0131\u015f\u0131 hizmeti verdi\u011fimiz sobalar\u0131m\u0131z \u0131s\u0131 ayar\u0131n\u0131 \u00e7ok rahat bir \u015fekilde d\u00fczenleyebilece\u011finiz bir soba \u00e7e\u015fididir. Palmiye soba kafe, restoran gibi d\u0131\u015f alanlarda en \u00e7ok kullan\u0131lan soba \u00e7e\u015fitlerinden bir tanesidir. Ayn\u0131 zamanda \u0131s\u0131 \u015femsiyesi olarak da bilinen bu soba \u00e7e\u015fidi d\u0131\u015f mek\u00e2nlarda kullan\u0131lmak amac\u0131yla \u00fcretilmi\u015f ve \u0131s\u0131 kalitesi de d\u0131\u015f mek\u00e2nlara g\u00f6re ayarlanm\u0131\u015ft\u0131r. Soban\u0131n \u00fcst k\u0131sm\u0131nda bulunan metal \u015fapka sayesinde sa\u011flad\u0131\u011f\u0131 \u0131s\u0131 yukar\u0131dan a\u015fa\u011f\u0131ya do\u011fru iletilir. K\u0131\u015f\u0131n d\u0131\u015f mek\u00e2nlarda organizasyon d\u00fczenlemek isteyen ya da kafelerde a\u00e7\u0131k havada oturmak isteyen ki\u015fileri so\u011fuk havadan koruyan bu soba \u00e7e\u015fidi hem i\u015fletme sahiplerini hem de misafirleri mutlu etmektedir. Palmiye sobalar k\u0131\u015f mevsiminde kapal\u0131 mek\u00e2nlarda oturma zorunlulu\u011funu ortadan kald\u0131r\u0131r. Palmiye sobalar 12 kg&#8217;l\u0131k bir t\u00fcple \u00e7al\u0131\u015fmaktad\u0131r. Mek\u00e2n\u0131n b\u00fcy\u00fckl\u00fc\u011f\u00fcne g\u00f6re bir ya da birden fazla palmiye soba kiralayarak mek\u00e2nlar\u0131n\u0131z\u0131n \u0131s\u0131t\u0131lmas\u0131n\u0131 sa\u011flayabilirsiniz. Kurulumu ve kullan\u0131m\u0131 olduk\u00e7a kolay olan bu soba \u00e7e\u015fidi sayesinde mek\u00e2n\u0131n\u0131z\u0131 \u0131s\u0131tabilirsiniz.<\/p>\n\n\n\n<div class=\"wp-block-image\"><figure class=\"aligncenter size-full is-resized\"><img loading=\"lazy\" decoding=\"async\" src=\"http:\/\/aygazfenersoba.com\/wp-content\/uploads\/2021\/12\/ucuz-fiyat-aygaz-palmiye-isitici-soba.jpg\" alt=\"\" class=\"wp-image-45\" width=\"585\" height=\"251\" srcset=\"http:\/\/aygazfenersoba.com\/wp-content\/uploads\/2021\/12\/ucuz-fiyat-aygaz-palmiye-isitici-soba.jpg 750w, http:\/\/aygazfenersoba.com\/wp-content\/uploads\/2021\/12\/ucuz-fiyat-aygaz-palmiye-isitici-soba-300x129.jpg 300w\" sizes=\"(max-width: 585px) 100vw, 585px\" \/><\/figure><\/div>\n\n\n\n<h3 class=\"wp-block-heading\">Aygaz <strong>Palmiye Soba Sat\u0131\u015f\u0131 ve Palmiye Sobalar\u0131n \u00d6zellikleri<\/strong><\/h3>\n\n\n\n<ul><li>T\u00fcpl\u00fc soba olarak da bilinen bu palmiye sobalar gazl\u0131d\u0131r ve 12 kg&#8217;l\u0131k t\u00fcpler ile \u0131s\u0131 ak\u0131\u015f\u0131 sa\u011flamaktad\u0131r.<\/li><li>Ta\u015f\u0131nabilir \u00f6zelli\u011fi sayesinde belirli bir noktada sabit bulunmas\u0131na gerek kalmaz. \u0130stenildi\u011fi zaman konumu de\u011fi\u015ftirilerek \u0131s\u0131 ak\u0131\u015f\u0131 sa\u011flanabilir.<\/li><li>Bulundu\u011fu ortam\u0131n derecesine ba\u011fl\u0131 so\u011fuk havay\u0131 k\u0131ran bu palmiye sobalar\u0131n \u0131s\u0131 sa\u011flad\u0131\u011f\u0131 alan 10 metre ile 25 metrekarelik aland\u0131r. Havan\u0131n derecesine ba\u011fl\u0131 olarak sa\u011flad\u0131\u011f\u0131 s\u0131cakl\u0131k de\u011fi\u015fkenlik g\u00f6sterebilmektedir.<\/li><li>Palmiye sobalar elektrikli \u0131s\u0131t\u0131c\u0131lar gibi kablo, priz ve fi\u015fe ihtiya\u00e7 duymad\u0131\u011f\u0131 i\u00e7in ki\u015filerin hareketlerini k\u0131s\u0131tlamaz ve insanlar\u0131 rahats\u0131z etmez.<\/li><li>Palmiye sobalar \u0131s\u0131 ak\u0131\u015f\u0131 sa\u011flarken herhangi bir ses \u00e7\u0131karmaz. Bu da ortamda bulunan ki\u015filerin rahat olmamas\u0131n\u0131 ve sessiz bir ortamda rahat\u00e7a sohbet edebilmesini sa\u011flar.<\/li><\/ul>\n\n\n\n<div class=\"wp-block-image\"><figure class=\"aligncenter size-full is-resized\"><img loading=\"lazy\" decoding=\"async\" src=\"http:\/\/aygazfenersoba.com\/wp-content\/uploads\/2021\/12\/ucuz-fiyat-aygaz-tuplu-soba-palmiye.jpg\" alt=\"Aygaz Palmiye Soba\" class=\"wp-image-43\" width=\"524\" height=\"406\" srcset=\"http:\/\/aygazfenersoba.com\/wp-content\/uploads\/2021\/12\/ucuz-fiyat-aygaz-tuplu-soba-palmiye.jpg 750w, http:\/\/aygazfenersoba.com\/wp-content\/uploads\/2021\/12\/ucuz-fiyat-aygaz-tuplu-soba-palmiye-300x232.jpg 300w\" sizes=\"(max-width: 524px) 100vw, 524px\" \/><figcaption><strong>Aygaz Palmiye Soba<\/strong><\/figcaption><\/figure><\/div>\n\n\n\n<h3 class=\"wp-block-heading\"><strong>Aygaz Palmiye Soba Sat\u0131\u015f\u0131<\/strong> Fiyatlar\u0131<\/h3>\n\n\n\n<p>&nbsp;&nbsp;&nbsp;&nbsp;&nbsp;&nbsp;&nbsp;&nbsp;&nbsp;&nbsp;&nbsp; Aygaz Palmiye soba sat\u0131\u015f\u0131 alan\u0131nda y\u0131llar\u0131n sa\u011flad\u0131\u011f\u0131 tecr\u00fcbe ile m\u00fc\u015fterilerimize en kaliteli palmiye soba kiralama hizmeti vermekteyiz. \u00dcr\u00fcnlerimiz olduk\u00e7a kaliteli ve g\u00fcvenli \u00fcr\u00fcnler olup m\u00fc\u015fteri odakl\u0131 bir anlay\u0131\u015f benimsenerek geli\u015ftirilmi\u015f ve hizmetinize sunulmu\u015ftur. Firmam\u0131z yukar\u0131da bahsetti\u011fimiz a\u00e7\u0131k alan \u0131s\u0131t\u0131c\u0131lar\u0131 olarak bilinen palmiye sobalar\u0131n hem sat\u0131\u015f\u0131n\u0131 hem de kiralamas\u0131n\u0131 yapmaktad\u0131r. Kiralama ve sat\u0131n alma hizmetinden faydalan\u0131rken \u00fcr\u00fcnlerimizi ister t\u00fcpl\u00fc isterseniz de t\u00fcps\u00fcz bir \u015fekilde alabilirsiniz. T\u00fcplerimiz aygaz ve ipragaz markal\u0131 t\u00fcpler olup ikinci el de\u011fil, s\u0131f\u0131r \u00fcr\u00fcnlerdir.<\/p>\n\n\n\n<p>A\u00e7\u0131k hava mek\u00e2n sahipleri palmiye soba sat\u0131\u015f\u0131 hizmetimizde faydalanarak misafirlerinin \u00fc\u015f\u00fcmesini engelleyecek ve mek\u00e2nlar\u0131nda ho\u015f, s\u0131cac\u0131k vakitler ge\u00e7irmesini sa\u011flayacakt\u0131r. Siz de firmam\u0131z\u0131n palmiye soba kiralama hizmetinden yararlanmak isterseniz bizimle ileti\u015fime ge\u00e7ebilirsiniz.<\/p>\n\n\n\n<p>En uygun ucuz fiyatlar ile Aygaz palmiye soba sat\u0131n almak i\u00e7in bize ula\u015fabilirsiniz.<\/p>\n\n\n\n<h3 class=\"wp-block-heading\">Aygaz Palmiye Soba Sat\u0131\u015f\u0131 \u0130leti\u015fim Bilgileri<\/h3>\n\n\n\n<p>Aygaz Palmiye Soba \u0130stanbul Anadolu Yakas\u0131: 0 216 599 03 53<\/p>\n\n\n\n<p>Aygaz Palmiye Soba \u0130stanbul Avrupa Yakas\u0131: 0 850 885 13 65<\/p>\n\n\n\n<p>Aygaz Palmiye Soba Ankara: 0 312 429 02 09<\/p>\n\n\n\n<p>Aygaz Palmiye Soba \u0130zmir: 0 850 885 09 05<\/p>\n\n\n\n<p>Aygaz Palmiye Soba Antalya: 0 850 885 19 89<\/p>\n\n\n\n<p>Aygaz Palmiye Soba T\u00fcrkiye Geneli Sat\u0131\u015f\u0131: 0 850 885 20 19<\/p>\n\n\n\n<p>Cep Telefon Whatsapp: <strong>0 533 925 36 78<\/strong><\/p>\n\n\n\n<h4 class=\"wp-block-heading\">Aygaz Palmiye Soba G\u00f6rselleri:<\/h4>\n\n\n\n<figure class=\"wp-block-gallery columns-3 is-cropped wp-block-gallery-1 is-layout-flex wp-block-gallery-is-layout-flex\"><ul class=\"blocks-gallery-grid\"><li class=\"blocks-gallery-item\"><figure><img loading=\"lazy\" decoding=\"async\" width=\"750\" height=\"573\" src=\"http:\/\/aygazfenersoba.com\/wp-content\/uploads\/2021\/12\/ucuz-fiyat-aygaz-palmiye-soba.jpg\" alt=\"\" data-id=\"41\" data-full-url=\"http:\/\/aygazfenersoba.com\/wp-content\/uploads\/2021\/12\/ucuz-fiyat-aygaz-palmiye-soba.jpg\" data-link=\"http:\/\/aygazfenersoba.com\/?attachment_id=41\" class=\"wp-image-41\" srcset=\"http:\/\/aygazfenersoba.com\/wp-content\/uploads\/2021\/12\/ucuz-fiyat-aygaz-palmiye-soba.jpg 750w, http:\/\/aygazfenersoba.com\/wp-content\/uploads\/2021\/12\/ucuz-fiyat-aygaz-palmiye-soba-300x229.jpg 300w\" sizes=\"(max-width: 750px) 100vw, 750px\" \/><\/figure><\/li><li class=\"blocks-gallery-item\"><figure><img loading=\"lazy\" decoding=\"async\" width=\"750\" height=\"590\" src=\"http:\/\/aygazfenersoba.com\/wp-content\/uploads\/2021\/12\/ucuz-fiyat-aygaz-tuplu-dis-mekan-isitici.jpg\" alt=\"\" data-id=\"42\" data-full-url=\"http:\/\/aygazfenersoba.com\/wp-content\/uploads\/2021\/12\/ucuz-fiyat-aygaz-tuplu-dis-mekan-isitici.jpg\" data-link=\"http:\/\/aygazfenersoba.com\/?attachment_id=42\" class=\"wp-image-42\" srcset=\"http:\/\/aygazfenersoba.com\/wp-content\/uploads\/2021\/12\/ucuz-fiyat-aygaz-tuplu-dis-mekan-isitici.jpg 750w, http:\/\/aygazfenersoba.com\/wp-content\/uploads\/2021\/12\/ucuz-fiyat-aygaz-tuplu-dis-mekan-isitici-300x236.jpg 300w\" sizes=\"(max-width: 750px) 100vw, 750px\" \/><\/figure><\/li><li class=\"blocks-gallery-item\"><figure><img loading=\"lazy\" decoding=\"async\" width=\"750\" height=\"581\" src=\"http:\/\/aygazfenersoba.com\/wp-content\/uploads\/2021\/12\/ucuz-fiyat-aygaz-tuplu-soba-palmiye.jpg\" alt=\"\" data-id=\"43\" data-full-url=\"http:\/\/aygazfenersoba.com\/wp-content\/uploads\/2021\/12\/ucuz-fiyat-aygaz-tuplu-soba-palmiye.jpg\" data-link=\"http:\/\/aygazfenersoba.com\/?attachment_id=43\" class=\"wp-image-43\" srcset=\"http:\/\/aygazfenersoba.com\/wp-content\/uploads\/2021\/12\/ucuz-fiyat-aygaz-tuplu-soba-palmiye.jpg 750w, http:\/\/aygazfenersoba.com\/wp-content\/uploads\/2021\/12\/ucuz-fiyat-aygaz-tuplu-soba-palmiye-300x232.jpg 300w\" sizes=\"(max-width: 750px) 100vw, 750px\" \/><\/figure><\/li><li class=\"blocks-gallery-item\"><figure><img loading=\"lazy\" decoding=\"async\" width=\"750\" height=\"559\" src=\"http:\/\/aygazfenersoba.com\/wp-content\/uploads\/2021\/12\/ucuz-fiyat-aygaz-tuplu-soba.jpg\" alt=\"\" data-id=\"44\" data-full-url=\"http:\/\/aygazfenersoba.com\/wp-content\/uploads\/2021\/12\/ucuz-fiyat-aygaz-tuplu-soba.jpg\" data-link=\"http:\/\/aygazfenersoba.com\/?attachment_id=44\" class=\"wp-image-44\" srcset=\"http:\/\/aygazfenersoba.com\/wp-content\/uploads\/2021\/12\/ucuz-fiyat-aygaz-tuplu-soba.jpg 750w, http:\/\/aygazfenersoba.com\/wp-content\/uploads\/2021\/12\/ucuz-fiyat-aygaz-tuplu-soba-300x224.jpg 300w\" sizes=\"(max-width: 750px) 100vw, 750px\" \/><\/figure><\/li><li class=\"blocks-gallery-item\"><figure><img loading=\"lazy\" decoding=\"async\" width=\"750\" height=\"322\" src=\"http:\/\/aygazfenersoba.com\/wp-content\/uploads\/2021\/12\/ucuz-fiyat-aygaz-palmiye-isitici-soba.jpg\" alt=\"\" data-id=\"45\" data-full-url=\"http:\/\/aygazfenersoba.com\/wp-content\/uploads\/2021\/12\/ucuz-fiyat-aygaz-palmiye-isitici-soba.jpg\" data-link=\"http:\/\/aygazfenersoba.com\/?attachment_id=45\" class=\"wp-image-45\" srcset=\"http:\/\/aygazfenersoba.com\/wp-content\/uploads\/2021\/12\/ucuz-fiyat-aygaz-palmiye-isitici-soba.jpg 750w, http:\/\/aygazfenersoba.com\/wp-content\/uploads\/2021\/12\/ucuz-fiyat-aygaz-palmiye-isitici-soba-300x129.jpg 300w\" sizes=\"(max-width: 750px) 100vw, 750px\" \/><\/figure><\/li><li class=\"blocks-gallery-item\"><figure><img loading=\"lazy\" decoding=\"async\" width=\"750\" height=\"569\" src=\"http:\/\/aygazfenersoba.com\/wp-content\/uploads\/2021\/12\/ucuz-fiyat-aygaz-palmiye-soba-tuplu.jpg\" alt=\"\" data-id=\"46\" data-full-url=\"http:\/\/aygazfenersoba.com\/wp-content\/uploads\/2021\/12\/ucuz-fiyat-aygaz-palmiye-soba-tuplu.jpg\" data-link=\"http:\/\/aygazfenersoba.com\/?attachment_id=46\" class=\"wp-image-46\" srcset=\"http:\/\/aygazfenersoba.com\/wp-content\/uploads\/2021\/12\/ucuz-fiyat-aygaz-palmiye-soba-tuplu.jpg 750w, http:\/\/aygazfenersoba.com\/wp-content\/uploads\/2021\/12\/ucuz-fiyat-aygaz-palmiye-soba-tuplu-300x228.jpg 300w\" sizes=\"(max-width: 750px) 100vw, 750px\" \/><\/figure><\/li><\/ul><figcaption class=\"blocks-gallery-caption\"><strong>Aygaz Palmiye Soba Sat\u0131\u015f\u0131<\/strong><\/figcaption><\/figure>\n\n\n\n<p><\/p>\n","protected":false},"excerpt":{"rendered":"<p>Aygaz Palmiye Soba Sat\u0131\u015f\u0131 Aygaz Palmiye soba sat\u0131\u015f\u0131 hizmeti verdi\u011fimiz sobalar\u0131m\u0131z \u0131s\u0131 ayar\u0131n\u0131 \u00e7ok rahat bir \u015fekilde d\u00fczenleyebilece\u011finiz bir soba \u00e7e\u015fididir. Palmiye soba kafe, restoran&#8230;<\/p>\n","protected":false},"author":1,"featured_media":76,"parent":0,"menu_order":0,"comment_status":"closed","ping_status":"closed","template":"","meta":{"footnotes":""},"_links":{"self":[{"href":"http:\/\/aygazfenersoba.com\/index.php\/wp-json\/wp\/v2\/pages\/103"}],"collection":[{"href":"http:\/\/aygazfenersoba.com\/index.php\/wp-json\/wp\/v2\/pages"}],"about":[{"href":"http:\/\/aygazfenersoba.com\/index.php\/wp-json\/wp\/v2\/types\/page"}],"author":[{"embeddable":true,"href":"http:\/\/aygazfenersoba.com\/index.php\/wp-json\/wp\/v2\/users\/1"}],"replies":[{"embeddable":true,"href":"http:\/\/aygazfenersoba.com\/index.php\/wp-json\/wp\/v2\/comments?post=103"}],"version-history":[{"count":1,"href":"http:\/\/aygazfenersoba.com\/index.php\/wp-json\/wp\/v2\/pages\/103\/revisions"}],"predecessor-version":[{"id":104,"href":"http:\/\/aygazfenersoba.com\/index.php\/wp-json\/wp\/v2\/pages\/103\/revisions\/104"}],"wp:featuredmedia":[{"embeddable":true,"href":"http:\/\/aygazfenersoba.com\/index.php\/wp-json\/wp\/v2\/media\/76"}],"wp:attachment":[{"href":"http:\/\/aygazfenersoba.com\/index.php\/wp-json\/wp\/v2\/media?parent=103"}],"curies":[{"name":"wp","href":"https:\/\/api.w.org\/{rel}","templated":true}]}}