{"id":107,"date":"2021-12-30T13:58:14","date_gmt":"2021-12-30T13:58:14","guid":{"rendered":"http:\/\/aygazfenersoba.com\/?page_id=107"},"modified":"2021-12-30T13:58:14","modified_gmt":"2021-12-30T13:58:14","slug":"aygaz-fener-soba-satisi","status":"publish","type":"page","link":"http:\/\/aygazfenersoba.com\/index.php\/aygaz-fener-soba-satisi\/","title":{"rendered":"Aygaz Fener Soba Sat\u0131\u015f\u0131"},"content":{"rendered":"\n<p><strong>Aygaz fener sobalar\u0131 <\/strong> <strong>37.500 BTU<\/strong> \u0131s\u0131 \u00fcreten ve birden fazla ayara ayarlanabilen bir \u00fcr\u00fcnd\u00fcr.&nbsp;Is\u0131t\u0131c\u0131 188 cm boyunda ve 12kg LPG t\u00fcp bir g\u00fc\u00e7le \u00e7al\u0131\u015f\u0131yor.&nbsp;LPG tank\u0131.&nbsp;Is\u0131t\u0131c\u0131, bir basmal\u0131 kontak anahtar\u0131 ile kolayca alev \u00fcretir. Aygaz fener sobalar\u0131 3 farkl\u0131 renk g\u00fcm\u00fc\u015f renk, inox paslanmaz \u00e7elik ve bak\u0131r rengi \u0131s\u0131t\u0131c\u0131 sat\u0131n almak i\u00e7in bize <strong>0 533 925 36 78<\/strong> numaral\u0131 telefon ile ula\u015fabilirsiniz. En uygun fiyatlar ile fener soba sat\u0131n almak i\u00e7in bize ula\u015f\u0131n veya <a href=\"http:\/\/www.clkticaret.com\">www.clkticaret.com<\/a> web sitemizden online al\u0131\u015fveri\u015f yapabilirsiniz.<\/p>\n\n\n\n<div class=\"wp-block-image\"><figure class=\"aligncenter size-full\"><img loading=\"lazy\" decoding=\"async\" width=\"517\" height=\"589\" src=\"http:\/\/aygazfenersoba.com\/wp-content\/uploads\/2021\/12\/fener-soba-aygaz-tuplu-bahce-isitici.jpg\" alt=\"\" class=\"wp-image-12\" srcset=\"http:\/\/aygazfenersoba.com\/wp-content\/uploads\/2021\/12\/fener-soba-aygaz-tuplu-bahce-isitici.jpg 517w, http:\/\/aygazfenersoba.com\/wp-content\/uploads\/2021\/12\/fener-soba-aygaz-tuplu-bahce-isitici-263x300.jpg 263w\" sizes=\"(max-width: 517px) 100vw, 517px\" \/><figcaption><strong>Aygaz fener soba t\u00fcpl\u00fc bah\u00e7e \u0131s\u0131t\u0131c\u0131<\/strong><\/figcaption><\/figure><\/div>\n\n\n\n<p><strong>Ayfz fener soba <\/strong>alevler yanl\u0131\u015fl\u0131kla d\u0131\u015far\u0131 patlama durumunda kolayca kapat\u0131labilir.&nbsp;Alevler, daha s\u0131cak bir veranda atmosferi i\u00e7in \u0131\u015f\u0131k \u00fcreten bir Pyrex silindirinden ge\u00e7er.&nbsp;Silindir metal bir \u00e7er\u00e7eve ile korunmaktad\u0131r.<\/p>\n\n\n\n<p>T\u00fcm cam\u0131 koruyan a\u011f, alevin yanmamas\u0131n\u0131 veya yang\u0131na neden olmamas\u0131n\u0131 sa\u011flamak i\u00e7in alevin lamba yap\u0131s\u0131n\u0131n d\u0131\u015f\u0131na ta\u015fmas\u0131n\u0131 \u00f6nler.<\/p>\n\n\n\n<p>Is\u0131 \u00e7\u0131k\u0131\u015f\u0131 3 metreye 3 metrelik bir alan\u0131 kaplar.&nbsp;\u00dcr\u00fcn g\u00fcvenlidir ve yana yatmay\u0131 \u00f6nlemek i\u00e7in yana yat\u0131r\u0131ld\u0131\u011f\u0131nda alevin s\u00f6nmesini sa\u011flayan bir e\u011filme \u00f6nleyici mekanizmaya sahiptir.<\/p>\n\n\n\n<div class=\"wp-block-image\"><figure class=\"aligncenter size-full\"><img loading=\"lazy\" decoding=\"async\" width=\"450\" height=\"671\" src=\"http:\/\/aygazfenersoba.com\/wp-content\/uploads\/2021\/12\/fener-soba-tuplu-bahce-isitici-acik-alan-aygaz.jpg\" alt=\"\" class=\"wp-image-36\" srcset=\"http:\/\/aygazfenersoba.com\/wp-content\/uploads\/2021\/12\/fener-soba-tuplu-bahce-isitici-acik-alan-aygaz.jpg 450w, http:\/\/aygazfenersoba.com\/wp-content\/uploads\/2021\/12\/fener-soba-tuplu-bahce-isitici-acik-alan-aygaz-201x300.jpg 201w\" sizes=\"(max-width: 450px) 100vw, 450px\" \/><\/figure><\/div>\n\n\n\n<h2 class=\"wp-block-heading\">Aygaz Fener Soba \u00d6zellikleri<\/h2>\n\n\n\n<ul><li>Y\u00fckseklik 188cm<\/li><li>37.500 BTU \u0131s\u0131 \u00fcretir<\/li><li>4 kademeli \u0131s\u0131 kontrol\u00fcne sahiptir<\/li><li>Is\u0131 alan\u0131 kapsama alan\u0131 3 metreye 3 metredir<\/li><li>Alev bir Pyrex silindirden ge\u00e7er<\/li><li>Lamba olarak kullan\u0131labilir<\/li><li>Kolay saklama i\u00e7in yap\u0131 hareket ettirilebilir<\/li><li>Basmal\u0131 otomatik kapanma sistemine sahiptir<\/li><li>Bir ate\u015fleme ile kolayca a\u00e7\u0131labilir<\/li><li>Metal bir ekranla kapl\u0131 bir silindir<\/li><li>Taban\u0131n alt\u0131nda tekerlekler var<\/li><\/ul>\n\n\n\n<h2 class=\"wp-block-heading\">\u00d6zet<\/h2>\n\n\n\n<p>Is\u0131t\u0131c\u0131, daha k\u00fc\u00e7\u00fck bir y\u00fcksekli\u011fe geri \u00e7ekilebildi\u011fi i\u00e7in kolayca saklanabilir.&nbsp;Alt k\u0131sm\u0131ndaki tekerlekler sayesinde kolayca hareket ettirilebilir.<\/p>\n\n\n\n<h2 class=\"wp-block-heading\">Avantajlar<\/h2>\n\n\n\n<p>Aygaz fener soba t\u00fcpl\u00fc Is\u0131t\u0131c\u0131, bir d\u0131\u015f verandada veya bah\u00e7ede kullan\u0131labilen ve hatta d\u0131\u015f mekan gezilerine bile getirilebilen kompakt bir \u0131s\u0131t\u0131c\u0131d\u0131r.&nbsp;Is\u0131t\u0131c\u0131 metalden yap\u0131lm\u0131\u015ft\u0131r ve r\u00fczgarla \u00fcflendi\u011finde \u00fcr\u00fcn\u00fc sabit tutan sa\u011flam bir tabana sahiptir.&nbsp;37.500  BTU&#8217;da \u0131s\u0131 sunan \u00fcst\u00fcn bir \u00fcr\u00fcnd\u00fcr.<\/p>\n\n\n\n<p>Is\u0131t\u0131c\u0131 ayr\u0131ca 3 metreye 3 metre geni\u015f bir alan\u0131 kaplamaktad\u0131r.&nbsp;\u00dcr\u00fcn\u00fcn alevleri, ayn\u0131 zamanda iyi bir ayd\u0131nlatma sa\u011flayan Pyrex&#8217;ten yap\u0131lm\u0131\u015f bir silindirden ge\u00e7er.&nbsp;Silindir, kullan\u0131c\u0131lar\u0131 yan\u0131klardan korumak i\u00e7in bir \u00e7elik a\u011f elek ile korunmaktad\u0131r.&nbsp;Is\u0131t\u0131c\u0131 fazla yer kaplamaz.<\/p>\n\n\n\n<p>Depolama ve seyahat ama\u00e7lar\u0131 i\u00e7in Fener soba geri \u00e7ekilebilir ve daha kompakt hale getirilebilir.&nbsp;Is\u0131t\u0131c\u0131 paslanmaya kar\u015f\u0131 dayan\u0131kl\u0131d\u0131r ve korozyon endi\u015fesi olmadan a\u00e7\u0131k havada b\u0131rak\u0131labilir.&nbsp;\u00dcr\u00fcn, tabandaki tekerlekler sayesinde kolayca ta\u015f\u0131nabilir.<\/p>\n\n\n\n<blockquote class=\"wp-block-quote\"><p>\u00dcr\u00fcn\u00fcn g\u00f6r\u00fcn\u00fcm\u00fc etkileyici ve sade.&nbsp;Bu \u0131s\u0131t\u0131c\u0131n\u0131n basit bir i\u015flevi ve a\u00e7\u0131lmas\u0131 kolay bir konta\u011f\u0131 vard\u0131r, bu da \u00fcr\u00fcn\u00fcn bir turda a\u00e7\u0131lmas\u0131n\u0131 sa\u011flar.<\/p><\/blockquote>\n\n\n\n<p>Is\u0131 seviyeleri d\u00f6rt farkl\u0131 derecede kontrol edilebilir.&nbsp;Kaza durumunda, \u0131s\u0131t\u0131c\u0131 bir d\u00fc\u011fmeye basarak an\u0131nda kapat\u0131labilir.&nbsp;\u00dcr\u00fcn ayr\u0131ca 30\u00b0 yat\u0131r\u0131l\u0131rsa kapan\u0131r ve gaz beslemesi kesilir.<\/p>\n\n\n\n<p>Br\u00fcl\u00f6r, \u0131s\u0131t\u0131c\u0131n\u0131n \u00fcst k\u0131sm\u0131nda bulunur.&nbsp;\u00dcst k\u0131s\u0131m, \u0131s\u0131y\u0131 a\u015fa\u011f\u0131 y\u00f6nde olu\u015fturmaya yard\u0131mc\u0131 olur ve iyi bir kapsama alan\u0131 sa\u011flar.&nbsp;Sosyal etkinliklerde kullan\u0131ld\u0131\u011f\u0131nda, konuklar\u0131n yeterli \u0131s\u0131 kapsamas\u0131 i\u00e7in \u0131s\u0131t\u0131c\u0131ya yak\u0131n olmalar\u0131 gerekecektir.<\/p>\n\n\n\n<p>Mekan b\u00fcy\u00fckse birka\u00e7 birim kullan\u0131lmal\u0131d\u0131r.&nbsp;Tavan\u0131n yanmas\u0131na neden olabilecek \u0131s\u0131n\u0131n yukar\u0131 \u00e7\u0131kma riski yoktur.<\/p>\n\n\n\n<p>Aygaz fener sobalar\u0131 sat\u0131\u015f\u0131n\u0131 yapan firmam\u0131z t\u00fcm renkleri stoklar\u0131nda bulunduran firmad\u0131r T\u00fcrkiye geneli kargo ile g\u00f6nderimi sa\u011flanan \u00fcr\u00fcn h\u0131zl\u0131 kurulum ile \u00e7al\u0131\u015f\u0131r hale getirilebilir. 12 kg LPG t\u00fcp ile ba\u011flant\u0131s\u0131 yap\u0131lan fener soba saatte 800 gr t\u00fcp sarfiyat\u0131 yapar. Maksimum de\u011ferdir.<\/p>\n\n\n\n<h3 class=\"wp-block-heading\">Aygaz Fener Soba Sat\u0131\u015f\u0131 \u0130leti\u015fim Bilgileri<\/h3>\n\n\n\n<p>Aygaz Fener Soba \u0130stanbul Anadolu Yakas\u0131: 0 216 599 03 53<\/p>\n\n\n\n<p>Aygaz Fener Soba \u0130stanbul Avrupa Yakas\u0131: 0 850 885 13 65<\/p>\n\n\n\n<p>Aygaz Fener Soba Ankara: 0 312 429 02 09<\/p>\n\n\n\n<p>Aygaz Fener Soba \u0130zmir: 0 850 885 09 05<\/p>\n\n\n\n<p>Aygaz Fener Soba Antalya: 0 850 885 19 89<\/p>\n\n\n\n<p>Aygaz Fener Soba T\u00fcrkiye Geneli Sat\u0131\u015f\u0131: 0 850 885 20 19<\/p>\n\n\n\n<p>Cep Telefon Whatsapp: 0 533 925 36 78<\/p>\n\n\n\n<h4 class=\"wp-block-heading\">A<strong>ygaz Fener Soba G\u00f6rselleri:<\/strong><\/h4>\n\n\n\n<figure class=\"wp-block-gallery columns-3 is-cropped wp-block-gallery-1 is-layout-flex wp-block-gallery-is-layout-flex\"><ul class=\"blocks-gallery-grid\"><li class=\"blocks-gallery-item\"><figure><img loading=\"lazy\" decoding=\"async\" width=\"750\" height=\"463\" src=\"http:\/\/aygazfenersoba.com\/wp-content\/uploads\/2021\/12\/aygaz-fener-soba-tuplu-dis-mekan-bahce-isitici-fiyat-model-21.jpg\" alt=\"\" data-id=\"13\" data-full-url=\"http:\/\/aygazfenersoba.com\/wp-content\/uploads\/2021\/12\/aygaz-fener-soba-tuplu-dis-mekan-bahce-isitici-fiyat-model-21.jpg\" data-link=\"http:\/\/aygazfenersoba.com\/?attachment_id=13\" class=\"wp-image-13\" srcset=\"http:\/\/aygazfenersoba.com\/wp-content\/uploads\/2021\/12\/aygaz-fener-soba-tuplu-dis-mekan-bahce-isitici-fiyat-model-21.jpg 750w, http:\/\/aygazfenersoba.com\/wp-content\/uploads\/2021\/12\/aygaz-fener-soba-tuplu-dis-mekan-bahce-isitici-fiyat-model-21-300x185.jpg 300w\" sizes=\"(max-width: 750px) 100vw, 750px\" \/><\/figure><\/li><li class=\"blocks-gallery-item\"><figure><img loading=\"lazy\" decoding=\"async\" width=\"750\" height=\"448\" src=\"http:\/\/aygazfenersoba.com\/wp-content\/uploads\/2021\/12\/aygaz-fener-soba-tuplu-dis-mekan-bahce-isitici-fiyat-model-22.jpg\" alt=\"\" data-id=\"14\" data-full-url=\"http:\/\/aygazfenersoba.com\/wp-content\/uploads\/2021\/12\/aygaz-fener-soba-tuplu-dis-mekan-bahce-isitici-fiyat-model-22.jpg\" data-link=\"http:\/\/aygazfenersoba.com\/?attachment_id=14\" class=\"wp-image-14\" srcset=\"http:\/\/aygazfenersoba.com\/wp-content\/uploads\/2021\/12\/aygaz-fener-soba-tuplu-dis-mekan-bahce-isitici-fiyat-model-22.jpg 750w, http:\/\/aygazfenersoba.com\/wp-content\/uploads\/2021\/12\/aygaz-fener-soba-tuplu-dis-mekan-bahce-isitici-fiyat-model-22-300x179.jpg 300w\" sizes=\"(max-width: 750px) 100vw, 750px\" \/><\/figure><\/li><li class=\"blocks-gallery-item\"><figure><img loading=\"lazy\" decoding=\"async\" width=\"750\" height=\"916\" src=\"http:\/\/aygazfenersoba.com\/wp-content\/uploads\/2021\/12\/aygaz-fener-soba-tuplu-dis-mekan-bahce-isitici-fiyat-model-1.jpg\" alt=\"\" data-id=\"15\" data-full-url=\"http:\/\/aygazfenersoba.com\/wp-content\/uploads\/2021\/12\/aygaz-fener-soba-tuplu-dis-mekan-bahce-isitici-fiyat-model-1.jpg\" data-link=\"http:\/\/aygazfenersoba.com\/?attachment_id=15\" class=\"wp-image-15\" srcset=\"http:\/\/aygazfenersoba.com\/wp-content\/uploads\/2021\/12\/aygaz-fener-soba-tuplu-dis-mekan-bahce-isitici-fiyat-model-1.jpg 750w, http:\/\/aygazfenersoba.com\/wp-content\/uploads\/2021\/12\/aygaz-fener-soba-tuplu-dis-mekan-bahce-isitici-fiyat-model-1-246x300.jpg 246w\" sizes=\"(max-width: 750px) 100vw, 750px\" \/><\/figure><\/li><li class=\"blocks-gallery-item\"><figure><img loading=\"lazy\" decoding=\"async\" width=\"284\" height=\"1024\" src=\"http:\/\/aygazfenersoba.com\/wp-content\/uploads\/2021\/12\/aygaz-fener-soba-tuplu-dis-mekan-bahce-isitici-fiyat-model-1-284x1024.png\" alt=\"\" data-id=\"16\" data-full-url=\"http:\/\/aygazfenersoba.com\/wp-content\/uploads\/2021\/12\/aygaz-fener-soba-tuplu-dis-mekan-bahce-isitici-fiyat-model-1.png\" data-link=\"http:\/\/aygazfenersoba.com\/?attachment_id=16\" class=\"wp-image-16\" srcset=\"http:\/\/aygazfenersoba.com\/wp-content\/uploads\/2021\/12\/aygaz-fener-soba-tuplu-dis-mekan-bahce-isitici-fiyat-model-1-284x1024.png 284w, http:\/\/aygazfenersoba.com\/wp-content\/uploads\/2021\/12\/aygaz-fener-soba-tuplu-dis-mekan-bahce-isitici-fiyat-model-1-83x300.png 83w\" sizes=\"(max-width: 284px) 100vw, 284px\" \/><\/figure><\/li><li class=\"blocks-gallery-item\"><figure><img loading=\"lazy\" decoding=\"async\" width=\"750\" height=\"729\" src=\"http:\/\/aygazfenersoba.com\/wp-content\/uploads\/2021\/12\/aygaz-fener-soba-tuplu-dis-mekan-bahce-isitici-fiyat-model-2.jpg\" alt=\"\" data-id=\"17\" data-full-url=\"http:\/\/aygazfenersoba.com\/wp-content\/uploads\/2021\/12\/aygaz-fener-soba-tuplu-dis-mekan-bahce-isitici-fiyat-model-2.jpg\" data-link=\"http:\/\/aygazfenersoba.com\/?attachment_id=17\" class=\"wp-image-17\" srcset=\"http:\/\/aygazfenersoba.com\/wp-content\/uploads\/2021\/12\/aygaz-fener-soba-tuplu-dis-mekan-bahce-isitici-fiyat-model-2.jpg 750w, http:\/\/aygazfenersoba.com\/wp-content\/uploads\/2021\/12\/aygaz-fener-soba-tuplu-dis-mekan-bahce-isitici-fiyat-model-2-300x292.jpg 300w\" sizes=\"(max-width: 750px) 100vw, 750px\" \/><\/figure><\/li><li class=\"blocks-gallery-item\"><figure><img loading=\"lazy\" decoding=\"async\" width=\"750\" height=\"921\" src=\"http:\/\/aygazfenersoba.com\/wp-content\/uploads\/2021\/12\/aygaz-fener-soba-tuplu-dis-mekan-bahce-isitici-fiyat-model-3.jpg\" alt=\"\" data-id=\"18\" data-full-url=\"http:\/\/aygazfenersoba.com\/wp-content\/uploads\/2021\/12\/aygaz-fener-soba-tuplu-dis-mekan-bahce-isitici-fiyat-model-3.jpg\" data-link=\"http:\/\/aygazfenersoba.com\/?attachment_id=18\" class=\"wp-image-18\" srcset=\"http:\/\/aygazfenersoba.com\/wp-content\/uploads\/2021\/12\/aygaz-fener-soba-tuplu-dis-mekan-bahce-isitici-fiyat-model-3.jpg 750w, http:\/\/aygazfenersoba.com\/wp-content\/uploads\/2021\/12\/aygaz-fener-soba-tuplu-dis-mekan-bahce-isitici-fiyat-model-3-244x300.jpg 244w\" sizes=\"(max-width: 750px) 100vw, 750px\" \/><\/figure><\/li><li class=\"blocks-gallery-item\"><figure><img loading=\"lazy\" decoding=\"async\" width=\"750\" height=\"402\" src=\"http:\/\/aygazfenersoba.com\/wp-content\/uploads\/2021\/12\/aygaz-fener-soba-tuplu-dis-mekan-bahce-isitici-fiyat-model-4.jpg\" alt=\"\" data-id=\"19\" data-full-url=\"http:\/\/aygazfenersoba.com\/wp-content\/uploads\/2021\/12\/aygaz-fener-soba-tuplu-dis-mekan-bahce-isitici-fiyat-model-4.jpg\" data-link=\"http:\/\/aygazfenersoba.com\/?attachment_id=19\" class=\"wp-image-19\" srcset=\"http:\/\/aygazfenersoba.com\/wp-content\/uploads\/2021\/12\/aygaz-fener-soba-tuplu-dis-mekan-bahce-isitici-fiyat-model-4.jpg 750w, http:\/\/aygazfenersoba.com\/wp-content\/uploads\/2021\/12\/aygaz-fener-soba-tuplu-dis-mekan-bahce-isitici-fiyat-model-4-300x161.jpg 300w\" sizes=\"(max-width: 750px) 100vw, 750px\" \/><\/figure><\/li><li class=\"blocks-gallery-item\"><figure><img loading=\"lazy\" decoding=\"async\" width=\"750\" height=\"879\" src=\"http:\/\/aygazfenersoba.com\/wp-content\/uploads\/2021\/12\/aygaz-fener-soba-tuplu-dis-mekan-bahce-isitici-fiyat-model-5.jpg\" alt=\"\" data-id=\"20\" data-full-url=\"http:\/\/aygazfenersoba.com\/wp-content\/uploads\/2021\/12\/aygaz-fener-soba-tuplu-dis-mekan-bahce-isitici-fiyat-model-5.jpg\" data-link=\"http:\/\/aygazfenersoba.com\/?attachment_id=20\" class=\"wp-image-20\" srcset=\"http:\/\/aygazfenersoba.com\/wp-content\/uploads\/2021\/12\/aygaz-fener-soba-tuplu-dis-mekan-bahce-isitici-fiyat-model-5.jpg 750w, http:\/\/aygazfenersoba.com\/wp-content\/uploads\/2021\/12\/aygaz-fener-soba-tuplu-dis-mekan-bahce-isitici-fiyat-model-5-256x300.jpg 256w\" sizes=\"(max-width: 750px) 100vw, 750px\" \/><\/figure><\/li><li class=\"blocks-gallery-item\"><figure><img loading=\"lazy\" decoding=\"async\" width=\"750\" height=\"525\" src=\"http:\/\/aygazfenersoba.com\/wp-content\/uploads\/2021\/12\/aygaz-fener-soba-tuplu-dis-mekan-bahce-isitici-fiyat-model-6.jpg\" alt=\"\" data-id=\"21\" data-full-url=\"http:\/\/aygazfenersoba.com\/wp-content\/uploads\/2021\/12\/aygaz-fener-soba-tuplu-dis-mekan-bahce-isitici-fiyat-model-6.jpg\" data-link=\"http:\/\/aygazfenersoba.com\/?attachment_id=21\" class=\"wp-image-21\" srcset=\"http:\/\/aygazfenersoba.com\/wp-content\/uploads\/2021\/12\/aygaz-fener-soba-tuplu-dis-mekan-bahce-isitici-fiyat-model-6.jpg 750w, http:\/\/aygazfenersoba.com\/wp-content\/uploads\/2021\/12\/aygaz-fener-soba-tuplu-dis-mekan-bahce-isitici-fiyat-model-6-300x210.jpg 300w\" sizes=\"(max-width: 750px) 100vw, 750px\" \/><\/figure><\/li><li class=\"blocks-gallery-item\"><figure><img loading=\"lazy\" decoding=\"async\" width=\"750\" height=\"472\" src=\"http:\/\/aygazfenersoba.com\/wp-content\/uploads\/2021\/12\/aygaz-fener-soba-tuplu-dis-mekan-bahce-isitici-fiyat-model-7.jpg\" alt=\"\" data-id=\"22\" data-full-url=\"http:\/\/aygazfenersoba.com\/wp-content\/uploads\/2021\/12\/aygaz-fener-soba-tuplu-dis-mekan-bahce-isitici-fiyat-model-7.jpg\" data-link=\"http:\/\/aygazfenersoba.com\/?attachment_id=22\" class=\"wp-image-22\" srcset=\"http:\/\/aygazfenersoba.com\/wp-content\/uploads\/2021\/12\/aygaz-fener-soba-tuplu-dis-mekan-bahce-isitici-fiyat-model-7.jpg 750w, http:\/\/aygazfenersoba.com\/wp-content\/uploads\/2021\/12\/aygaz-fener-soba-tuplu-dis-mekan-bahce-isitici-fiyat-model-7-300x189.jpg 300w\" sizes=\"(max-width: 750px) 100vw, 750px\" \/><\/figure><\/li><li class=\"blocks-gallery-item\"><figure><img loading=\"lazy\" decoding=\"async\" width=\"750\" height=\"409\" src=\"http:\/\/aygazfenersoba.com\/wp-content\/uploads\/2021\/12\/aygaz-fener-soba-tuplu-dis-mekan-bahce-isitici-fiyat-model-9.jpg\" alt=\"\" data-id=\"24\" data-full-url=\"http:\/\/aygazfenersoba.com\/wp-content\/uploads\/2021\/12\/aygaz-fener-soba-tuplu-dis-mekan-bahce-isitici-fiyat-model-9.jpg\" data-link=\"http:\/\/aygazfenersoba.com\/?attachment_id=24\" class=\"wp-image-24\" srcset=\"http:\/\/aygazfenersoba.com\/wp-content\/uploads\/2021\/12\/aygaz-fener-soba-tuplu-dis-mekan-bahce-isitici-fiyat-model-9.jpg 750w, http:\/\/aygazfenersoba.com\/wp-content\/uploads\/2021\/12\/aygaz-fener-soba-tuplu-dis-mekan-bahce-isitici-fiyat-model-9-300x164.jpg 300w\" sizes=\"(max-width: 750px) 100vw, 750px\" \/><\/figure><\/li><li class=\"blocks-gallery-item\"><figure><img loading=\"lazy\" decoding=\"async\" width=\"750\" height=\"881\" src=\"http:\/\/aygazfenersoba.com\/wp-content\/uploads\/2021\/12\/aygaz-fener-soba-tuplu-dis-mekan-bahce-isitici-fiyat-model-11.jpg\" alt=\"\" data-id=\"26\" data-full-url=\"http:\/\/aygazfenersoba.com\/wp-content\/uploads\/2021\/12\/aygaz-fener-soba-tuplu-dis-mekan-bahce-isitici-fiyat-model-11.jpg\" data-link=\"http:\/\/aygazfenersoba.com\/?attachment_id=26\" class=\"wp-image-26\" srcset=\"http:\/\/aygazfenersoba.com\/wp-content\/uploads\/2021\/12\/aygaz-fener-soba-tuplu-dis-mekan-bahce-isitici-fiyat-model-11.jpg 750w, http:\/\/aygazfenersoba.com\/wp-content\/uploads\/2021\/12\/aygaz-fener-soba-tuplu-dis-mekan-bahce-isitici-fiyat-model-11-255x300.jpg 255w\" sizes=\"(max-width: 750px) 100vw, 750px\" \/><\/figure><\/li><li class=\"blocks-gallery-item\"><figure><img loading=\"lazy\" decoding=\"async\" width=\"750\" height=\"557\" src=\"http:\/\/aygazfenersoba.com\/wp-content\/uploads\/2021\/12\/aygaz-fener-soba-tuplu-dis-mekan-bahce-isitici-fiyat-model-12.jpg\" alt=\"\" data-id=\"27\" data-full-url=\"http:\/\/aygazfenersoba.com\/wp-content\/uploads\/2021\/12\/aygaz-fener-soba-tuplu-dis-mekan-bahce-isitici-fiyat-model-12.jpg\" data-link=\"http:\/\/aygazfenersoba.com\/?attachment_id=27\" class=\"wp-image-27\" srcset=\"http:\/\/aygazfenersoba.com\/wp-content\/uploads\/2021\/12\/aygaz-fener-soba-tuplu-dis-mekan-bahce-isitici-fiyat-model-12.jpg 750w, http:\/\/aygazfenersoba.com\/wp-content\/uploads\/2021\/12\/aygaz-fener-soba-tuplu-dis-mekan-bahce-isitici-fiyat-model-12-300x223.jpg 300w\" sizes=\"(max-width: 750px) 100vw, 750px\" \/><\/figure><\/li><li class=\"blocks-gallery-item\"><figure><img loading=\"lazy\" decoding=\"async\" width=\"750\" height=\"370\" src=\"http:\/\/aygazfenersoba.com\/wp-content\/uploads\/2021\/12\/aygaz-fener-soba-tuplu-dis-mekan-bahce-isitici-fiyat-model-13.jpg\" alt=\"\" data-id=\"28\" data-full-url=\"http:\/\/aygazfenersoba.com\/wp-content\/uploads\/2021\/12\/aygaz-fener-soba-tuplu-dis-mekan-bahce-isitici-fiyat-model-13.jpg\" data-link=\"http:\/\/aygazfenersoba.com\/?attachment_id=28\" class=\"wp-image-28\" srcset=\"http:\/\/aygazfenersoba.com\/wp-content\/uploads\/2021\/12\/aygaz-fener-soba-tuplu-dis-mekan-bahce-isitici-fiyat-model-13.jpg 750w, http:\/\/aygazfenersoba.com\/wp-content\/uploads\/2021\/12\/aygaz-fener-soba-tuplu-dis-mekan-bahce-isitici-fiyat-model-13-300x148.jpg 300w\" sizes=\"(max-width: 750px) 100vw, 750px\" \/><\/figure><\/li><li class=\"blocks-gallery-item\"><figure><img loading=\"lazy\" decoding=\"async\" width=\"750\" height=\"785\" src=\"http:\/\/aygazfenersoba.com\/wp-content\/uploads\/2021\/12\/aygaz-fener-soba-tuplu-dis-mekan-bahce-isitici-fiyat-model-15.jpg\" alt=\"\" data-id=\"30\" data-full-url=\"http:\/\/aygazfenersoba.com\/wp-content\/uploads\/2021\/12\/aygaz-fener-soba-tuplu-dis-mekan-bahce-isitici-fiyat-model-15.jpg\" data-link=\"http:\/\/aygazfenersoba.com\/?attachment_id=30\" class=\"wp-image-30\" srcset=\"http:\/\/aygazfenersoba.com\/wp-content\/uploads\/2021\/12\/aygaz-fener-soba-tuplu-dis-mekan-bahce-isitici-fiyat-model-15.jpg 750w, http:\/\/aygazfenersoba.com\/wp-content\/uploads\/2021\/12\/aygaz-fener-soba-tuplu-dis-mekan-bahce-isitici-fiyat-model-15-287x300.jpg 287w\" sizes=\"(max-width: 750px) 100vw, 750px\" \/><\/figure><\/li><li class=\"blocks-gallery-item\"><figure><img loading=\"lazy\" decoding=\"async\" width=\"750\" height=\"859\" src=\"http:\/\/aygazfenersoba.com\/wp-content\/uploads\/2021\/12\/aygaz-fener-soba-tuplu-dis-mekan-bahce-isitici-fiyat-model-16.jpg\" alt=\"\" data-id=\"31\" data-full-url=\"http:\/\/aygazfenersoba.com\/wp-content\/uploads\/2021\/12\/aygaz-fener-soba-tuplu-dis-mekan-bahce-isitici-fiyat-model-16.jpg\" data-link=\"http:\/\/aygazfenersoba.com\/?attachment_id=31\" class=\"wp-image-31\" srcset=\"http:\/\/aygazfenersoba.com\/wp-content\/uploads\/2021\/12\/aygaz-fener-soba-tuplu-dis-mekan-bahce-isitici-fiyat-model-16.jpg 750w, http:\/\/aygazfenersoba.com\/wp-content\/uploads\/2021\/12\/aygaz-fener-soba-tuplu-dis-mekan-bahce-isitici-fiyat-model-16-262x300.jpg 262w\" sizes=\"(max-width: 750px) 100vw, 750px\" \/><\/figure><\/li><li class=\"blocks-gallery-item\"><figure><img loading=\"lazy\" decoding=\"async\" width=\"750\" height=\"407\" src=\"http:\/\/aygazfenersoba.com\/wp-content\/uploads\/2021\/12\/aygaz-fener-soba-tuplu-dis-mekan-bahce-isitici-fiyat-model-17.jpg\" alt=\"\" data-id=\"32\" data-full-url=\"http:\/\/aygazfenersoba.com\/wp-content\/uploads\/2021\/12\/aygaz-fener-soba-tuplu-dis-mekan-bahce-isitici-fiyat-model-17.jpg\" data-link=\"http:\/\/aygazfenersoba.com\/?attachment_id=32\" class=\"wp-image-32\" srcset=\"http:\/\/aygazfenersoba.com\/wp-content\/uploads\/2021\/12\/aygaz-fener-soba-tuplu-dis-mekan-bahce-isitici-fiyat-model-17.jpg 750w, http:\/\/aygazfenersoba.com\/wp-content\/uploads\/2021\/12\/aygaz-fener-soba-tuplu-dis-mekan-bahce-isitici-fiyat-model-17-300x163.jpg 300w\" sizes=\"(max-width: 750px) 100vw, 750px\" \/><\/figure><\/li><li class=\"blocks-gallery-item\"><figure><img loading=\"lazy\" decoding=\"async\" width=\"750\" height=\"495\" src=\"http:\/\/aygazfenersoba.com\/wp-content\/uploads\/2021\/12\/aygaz-fener-soba-tuplu-dis-mekan-bahce-isitici-fiyat-model-18.jpg\" alt=\"\" data-id=\"33\" data-full-url=\"http:\/\/aygazfenersoba.com\/wp-content\/uploads\/2021\/12\/aygaz-fener-soba-tuplu-dis-mekan-bahce-isitici-fiyat-model-18.jpg\" data-link=\"http:\/\/aygazfenersoba.com\/?attachment_id=33\" class=\"wp-image-33\" srcset=\"http:\/\/aygazfenersoba.com\/wp-content\/uploads\/2021\/12\/aygaz-fener-soba-tuplu-dis-mekan-bahce-isitici-fiyat-model-18.jpg 750w, http:\/\/aygazfenersoba.com\/wp-content\/uploads\/2021\/12\/aygaz-fener-soba-tuplu-dis-mekan-bahce-isitici-fiyat-model-18-300x198.jpg 300w\" sizes=\"(max-width: 750px) 100vw, 750px\" \/><\/figure><\/li><li class=\"blocks-gallery-item\"><figure><img loading=\"lazy\" decoding=\"async\" width=\"750\" height=\"908\" src=\"http:\/\/aygazfenersoba.com\/wp-content\/uploads\/2021\/12\/aygaz-fener-soba-tuplu-dis-mekan-bahce-isitici-fiyat-model-19.jpg\" alt=\"\" data-id=\"34\" data-full-url=\"http:\/\/aygazfenersoba.com\/wp-content\/uploads\/2021\/12\/aygaz-fener-soba-tuplu-dis-mekan-bahce-isitici-fiyat-model-19.jpg\" data-link=\"http:\/\/aygazfenersoba.com\/?attachment_id=34\" class=\"wp-image-34\" srcset=\"http:\/\/aygazfenersoba.com\/wp-content\/uploads\/2021\/12\/aygaz-fener-soba-tuplu-dis-mekan-bahce-isitici-fiyat-model-19.jpg 750w, http:\/\/aygazfenersoba.com\/wp-content\/uploads\/2021\/12\/aygaz-fener-soba-tuplu-dis-mekan-bahce-isitici-fiyat-model-19-248x300.jpg 248w\" sizes=\"(max-width: 750px) 100vw, 750px\" \/><\/figure><\/li><li class=\"blocks-gallery-item\"><figure><img loading=\"lazy\" decoding=\"async\" width=\"750\" height=\"448\" src=\"http:\/\/aygazfenersoba.com\/wp-content\/uploads\/2021\/12\/aygaz-fener-soba-tuplu-dis-mekan-bahce-isitici-fiyat-model-20.jpg\" alt=\"\" data-id=\"35\" data-full-url=\"http:\/\/aygazfenersoba.com\/wp-content\/uploads\/2021\/12\/aygaz-fener-soba-tuplu-dis-mekan-bahce-isitici-fiyat-model-20.jpg\" data-link=\"http:\/\/aygazfenersoba.com\/?attachment_id=35\" class=\"wp-image-35\" srcset=\"http:\/\/aygazfenersoba.com\/wp-content\/uploads\/2021\/12\/aygaz-fener-soba-tuplu-dis-mekan-bahce-isitici-fiyat-model-20.jpg 750w, http:\/\/aygazfenersoba.com\/wp-content\/uploads\/2021\/12\/aygaz-fener-soba-tuplu-dis-mekan-bahce-isitici-fiyat-model-20-300x179.jpg 300w\" sizes=\"(max-width: 750px) 100vw, 750px\" \/><\/figure><\/li><\/ul><figcaption class=\"blocks-gallery-caption\"><strong>Aygaz Fener Soba T\u00fcpl\u00fc Bah\u00e7e Is\u0131t\u0131c\u0131<\/strong><\/figcaption><\/figure>\n\n\n\n<p><\/p>\n","protected":false},"excerpt":{"rendered":"<p>Aygaz fener sobalar\u0131 37.500 BTU \u0131s\u0131 \u00fcreten ve birden fazla ayara ayarlanabilen bir \u00fcr\u00fcnd\u00fcr.&nbsp;Is\u0131t\u0131c\u0131 188 cm boyunda ve 12kg LPG t\u00fcp bir g\u00fc\u00e7le \u00e7al\u0131\u015f\u0131yor.&nbsp;LPG tank\u0131.&nbsp;Is\u0131t\u0131c\u0131,&#8230;<\/p>\n","protected":false},"author":1,"featured_media":21,"parent":0,"menu_order":0,"comment_status":"closed","ping_status":"closed","template":"","meta":{"footnotes":""},"_links":{"self":[{"href":"http:\/\/aygazfenersoba.com\/index.php\/wp-json\/wp\/v2\/pages\/107"}],"collection":[{"href":"http:\/\/aygazfenersoba.com\/index.php\/wp-json\/wp\/v2\/pages"}],"about":[{"href":"http:\/\/aygazfenersoba.com\/index.php\/wp-json\/wp\/v2\/types\/page"}],"author":[{"embeddable":true,"href":"http:\/\/aygazfenersoba.com\/index.php\/wp-json\/wp\/v2\/users\/1"}],"replies":[{"embeddable":true,"href":"http:\/\/aygazfenersoba.com\/index.php\/wp-json\/wp\/v2\/comments?post=107"}],"version-history":[{"count":1,"href":"http:\/\/aygazfenersoba.com\/index.php\/wp-json\/wp\/v2\/pages\/107\/revisions"}],"predecessor-version":[{"id":108,"href":"http:\/\/aygazfenersoba.com\/index.php\/wp-json\/wp\/v2\/pages\/107\/revisions\/108"}],"wp:featuredmedia":[{"embeddable":true,"href":"http:\/\/aygazfenersoba.com\/index.php\/wp-json\/wp\/v2\/media\/21"}],"wp:attachment":[{"href":"http:\/\/aygazfenersoba.com\/index.php\/wp-json\/wp\/v2\/media?parent=107"}],"curies":[{"name":"wp","href":"https:\/\/api.w.org\/{rel}","templated":true}]}}