{"id":109,"date":"2021-12-30T14:00:48","date_gmt":"2021-12-30T14:00:48","guid":{"rendered":"http:\/\/aygazfenersoba.com\/?page_id=109"},"modified":"2021-12-30T14:00:48","modified_gmt":"2021-12-30T14:00:48","slug":"iletisim","status":"publish","type":"page","link":"http:\/\/aygazfenersoba.com\/index.php\/iletisim\/","title":{"rendered":"\u0130leti\u015fim"},"content":{"rendered":"\n<p>Aygaz Fener Soba Sat\u0131\u015f\u0131: 0 850 885 13 65<\/p>\n\n\n\n<p>Aygaz Piramit Soba Sat\u0131\u015f\u0131: 0850 885 09 05<\/p>\n\n\n\n<p>Aygaz Palmiye Soba Sat\u0131\u015f\u0131: 0 850 885 20 19<\/p>\n\n\n\n<p>Aygaz Soba T\u00fcpl\u00fc Is\u0131t\u0131c\u0131 Kiralama: 0 850 885 20 29<\/p>\n\n\n\n<p>T\u00fcpl\u00fc Aygaz Sobalar\u0131 T\u00fcrkiye geneli kargo ile g\u00f6nderimi sa\u011flanmaktad\u0131r. T\u00fcrkiye geneli Aygaz soba kiralama hizmeti verilmektedir.<\/p>\n\n\n\n<p>Whatsapp \u0130leti\u015fim: 0 533 925 36 78<\/p>\n","protected":false},"excerpt":{"rendered":"<p>Aygaz Fener Soba Sat\u0131\u015f\u0131: 0 850 885 13 65 Aygaz Piramit Soba Sat\u0131\u015f\u0131: 0850 885 09 05 Aygaz Palmiye Soba Sat\u0131\u015f\u0131: 0 850 885 20&#8230;<\/p>\n","protected":false},"author":1,"featured_media":0,"parent":0,"menu_order":0,"comment_status":"closed","ping_status":"closed","template":"","meta":{"footnotes":""},"_links":{"self":[{"href":"http:\/\/aygazfenersoba.com\/index.php\/wp-json\/wp\/v2\/pages\/109"}],"collection":[{"href":"http:\/\/aygazfenersoba.com\/index.php\/wp-json\/wp\/v2\/pages"}],"about":[{"href":"http:\/\/aygazfenersoba.com\/index.php\/wp-json\/wp\/v2\/types\/page"}],"author":[{"embeddable":true,"href":"http:\/\/aygazfenersoba.com\/index.php\/wp-json\/wp\/v2\/users\/1"}],"replies":[{"embeddable":true,"href":"http:\/\/aygazfenersoba.com\/index.php\/wp-json\/wp\/v2\/comments?post=109"}],"version-history":[{"count":1,"href":"http:\/\/aygazfenersoba.com\/index.php\/wp-json\/wp\/v2\/pages\/109\/revisions"}],"predecessor-version":[{"id":110,"href":"http:\/\/aygazfenersoba.com\/index.php\/wp-json\/wp\/v2\/pages\/109\/revisions\/110"}],"wp:attachment":[{"href":"http:\/\/aygazfenersoba.com\/index.php\/wp-json\/wp\/v2\/media?parent=109"}],"curies":[{"name":"wp","href":"https:\/\/api.w.org\/{rel}","templated":true}]}}